{"id":4358,"date":"2025-09-08T18:16:29","date_gmt":"2025-09-08T16:16:29","guid":{"rendered":"https:\/\/beauty-pride.com\/?post_type=product&#038;p=4358"},"modified":"2026-03-18T16:15:13","modified_gmt":"2026-03-18T15:15:13","slug":"matyfying-anti-acne-cream","status":"publish","type":"product","link":"https:\/\/beauty-pride.com\/fr\/shop\/matyfying-anti-acne-cream\/","title":{"rendered":"Matyfying Anti Acne Cream"},"content":{"rendered":"","protected":false},"excerpt":{"rendered":"<p class=\"stag-intro-text run-in\"><em><strong><span style=\"color: #b86f02;\">Main Ingredients:<\/span><\/strong><\/em><\/p>\n<ul>\n<li>Shea Butter<\/li>\n<li>Salicylic acid<\/li>\n<li>Argan oil<\/li>\n<li>Huile de rose musqu\u00e9e<\/li>\n<li>Chamomile essential oil<\/li>\n<li>Vitamine C<\/li>\n<li>Provitamin B5<\/li>\n<\/ul>\n<p class=\"stag-intro-text run-in\"><em><strong><span style=\"color: #b86f02;\">Benefits :<\/span><\/strong><\/em><\/p>\n<ul>\n<li>Sp\u00e9cialement con\u00e7ue pour les peaux grasses et \u00e0 tendance acn\u00e9ique, cette formule avanc\u00e9e aide \u00e0 r\u00e9duire les imperfections, points noirs et boutons, tout en am\u00e9liorant visiblement l\u2019aspect g\u00e9n\u00e9ral de la peau.<\/li>\n<li>Enrichie en huile essentielle de camomille, huile d\u2019argan et panth\u00e9nol, elle aide \u00e0 apaiser, purifier et r\u00e9g\u00e9n\u00e9rer la peau, tout en resserrant l\u2019apparence des pores et en contr\u00f4lant l\u2019exc\u00e8s de s\u00e9bum.<\/li>\n<li>Avec une utilisation r\u00e9guli\u00e8re, la peau para\u00eet plus nette, plus lisse, plus saine et parfaitement matifi\u00e9e.<\/li>\n<\/ul>\n<p class=\"stag-intro-text run-in\"><strong><em><span style=\"color: #b86f02;\">How to use:<\/span><\/em><\/strong><\/p>\n<p>Apply to the face after cleansing the skin with our gel-soap anti-acne.<\/p>\n<p>To use as a complete daily care of the face, on a cleaned and dried skin. Perfectly suited as a makeup base.<\/p>","protected":false},"featured_media":5425,"comment_status":"closed","ping_status":"closed","template":"","meta":[],"product_cat":[119,128],"product_tag":[],"class_list":{"0":"post-4358","1":"product","2":"type-product","3":"status-publish","4":"has-post-thumbnail","6":"product_cat-creams","7":"product_cat-acne-pack","9":"first","10":"instock","11":"shipping-taxable","12":"product-type-simple"},"_links":{"self":[{"href":"https:\/\/beauty-pride.com\/fr\/wp-json\/wp\/v2\/product\/4358","targetHints":{"allow":["GET"]}}],"collection":[{"href":"https:\/\/beauty-pride.com\/fr\/wp-json\/wp\/v2\/product"}],"about":[{"href":"https:\/\/beauty-pride.com\/fr\/wp-json\/wp\/v2\/types\/product"}],"replies":[{"embeddable":true,"href":"https:\/\/beauty-pride.com\/fr\/wp-json\/wp\/v2\/comments?post=4358"}],"version-history":[{"count":4,"href":"https:\/\/beauty-pride.com\/fr\/wp-json\/wp\/v2\/product\/4358\/revisions"}],"predecessor-version":[{"id":6016,"href":"https:\/\/beauty-pride.com\/fr\/wp-json\/wp\/v2\/product\/4358\/revisions\/6016"}],"wp:featuredmedia":[{"embeddable":true,"href":"https:\/\/beauty-pride.com\/fr\/wp-json\/wp\/v2\/media\/5425"}],"wp:attachment":[{"href":"https:\/\/beauty-pride.com\/fr\/wp-json\/wp\/v2\/media?parent=4358"}],"wp:term":[{"taxonomy":"product_cat","embeddable":true,"href":"https:\/\/beauty-pride.com\/fr\/wp-json\/wp\/v2\/product_cat?post=4358"},{"taxonomy":"product_tag","embeddable":true,"href":"https:\/\/beauty-pride.com\/fr\/wp-json\/wp\/v2\/product_tag?post=4358"}],"curies":[{"name":"wp","href":"https:\/\/api.w.org\/{rel}","templated":true}]}}