{"id":3530,"date":"2025-08-15T13:05:56","date_gmt":"2025-08-15T11:05:56","guid":{"rendered":"https:\/\/beauty-pride.com\/?page_id=3530"},"modified":"2025-09-08T11:58:29","modified_gmt":"2025-09-08T09:58:29","slug":"certificates","status":"publish","type":"page","link":"https:\/\/beauty-pride.com\/fr\/certificates\/","title":{"rendered":"Certificats"},"content":{"rendered":"<div data-elementor-type=\"wp-page\" data-elementor-id=\"3530\" class=\"elementor elementor-3530\">\n\t\t\t\t\t\t<section class=\"elementor-section elementor-top-section elementor-element elementor-element-0ab4dfb elementor-section-full_width elementor-section-height-default elementor-section-height-default\" data-id=\"0ab4dfb\" data-element_type=\"section\" data-e-type=\"section\">\n\t\t\t\t\t\t<div class=\"elementor-container elementor-column-gap-no\">\n\t\t\t\t\t<div class=\"elementor-column elementor-col-100 elementor-top-column elementor-element elementor-element-1579a2f\" data-id=\"1579a2f\" data-element_type=\"column\" data-e-type=\"column\">\n\t\t\t<div class=\"elementor-widget-wrap elementor-element-populated\">\n\t\t\t\t\t\t<div class=\"elementor-element elementor-element-1353501 elementor-widget elementor-widget-ideapark-page-header\" data-id=\"1353501\" data-element_type=\"widget\" data-e-type=\"widget\" data-widget_type=\"ideapark-page-header.default\">\n\t\t\t\t<div class=\"elementor-widget-container\">\n\t\t\t\t\t\t<header\n\t\tclass=\"l-section c-page-header c-page-header--header-type-1 c-page-header--default c-page-header--medium\"\n\t\t>\n\n\t\t\t\t\t<div class=\"c-page-header__wrap\">\n\t\t\t\t\t\t\t\t\t<h1 class=\"c-page-header__title\">Certificats<\/h1>\n\t\t\t\t\t\t\t<\/div>\n\t\t\t\t\t\t\t<div class=\"c-page-header__spacer\"><\/div>\n\t\t\t<\/header>\n\t\t\t\t<\/div>\n\t\t\t\t<\/div>\n\t\t\t\t\t<\/div>\n\t\t<\/div>\n\t\t\t\t\t<\/div>\n\t\t<\/section>\n\t\t\t\t<section class=\"elementor-section elementor-top-section elementor-element elementor-element-910f34d elementor-section-full_width elementor-reverse-mobile elementor-section-height-default elementor-section-height-default\" data-id=\"910f34d\" data-element_type=\"section\" data-e-type=\"section\">\n\t\t\t\t\t\t<div class=\"elementor-container elementor-column-gap-no\">\n\t\t\t\t\t<div class=\"elementor-column elementor-col-50 elementor-top-column elementor-element elementor-element-f698f01\" data-id=\"f698f01\" data-element_type=\"column\" data-e-type=\"column\" data-settings=\"{&quot;background_background&quot;:&quot;classic&quot;}\">\n\t\t\t<div class=\"elementor-widget-wrap elementor-element-populated\">\n\t\t\t\t\t\t<div class=\"elementor-element elementor-element-e6f51b0 elementor-widget elementor-widget-ideapark-heading\" data-id=\"e6f51b0\" data-element_type=\"widget\" data-e-type=\"widget\" data-widget_type=\"ideapark-heading.default\">\n\t\t\t\t<div class=\"elementor-widget-container\">\n\t\t\t\t\t<div class=\"c-ip-heading c-ip-heading--small c-ip-heading--center c-ip-heading--bullet-after\"><span class=\"c-ip-heading__inner\">USDA<\/span><\/div>\t\t\t\t<\/div>\n\t\t\t\t<\/div>\n\t\t\t\t<div class=\"elementor-element elementor-element-12ec578 elementor-widget elementor-widget-image\" data-id=\"12ec578\" data-element_type=\"widget\" data-e-type=\"widget\" data-widget_type=\"image.default\">\n\t\t\t\t\t\t\t\t\t\t\t\t\t\t\t<img fetchpriority=\"high\" decoding=\"async\" width=\"1160\" height=\"794\" src=\"https:\/\/beauty-pride.com\/wp-content\/uploads\/2025\/09\/USDA_logo-1520x1041.png\" class=\"attachment-large size-large wp-image-3714\" alt=\"\" srcset=\"https:\/\/beauty-pride.com\/wp-content\/uploads\/2025\/09\/USDA_logo-1520x1041.png 1520w, https:\/\/beauty-pride.com\/wp-content\/uploads\/2025\/09\/USDA_logo-460x315.png 460w, https:\/\/beauty-pride.com\/wp-content\/uploads\/2025\/09\/USDA_logo-760x521.png 760w, https:\/\/beauty-pride.com\/wp-content\/uploads\/2025\/09\/USDA_logo-920x630.png 920w, https:\/\/beauty-pride.com\/wp-content\/uploads\/2025\/09\/USDA_logo-212x145.png 212w, https:\/\/beauty-pride.com\/wp-content\/uploads\/2025\/09\/USDA_logo-423x290.png 423w, https:\/\/beauty-pride.com\/wp-content\/uploads\/2025\/09\/USDA_logo.png 2000w\" sizes=\"(max-width: 1160px) 100vw, 1160px\" \/>\t\t\t\t\t\t\t\t\t\t\t\t\t\t\t<\/div>\n\t\t\t\t<div class=\"elementor-element elementor-element-cb3029f elementor-widget elementor-widget-ideapark-heading\" data-id=\"cb3029f\" data-element_type=\"widget\" data-e-type=\"widget\" data-widget_type=\"ideapark-heading.default\">\n\t\t\t\t<div class=\"elementor-widget-container\">\n\t\t\t\t\t<div class=\"c-ip-heading c-ip-heading--default c-ip-heading--justify c-ip-heading--bullet-hide c-ip-heading--block-align-center\"><span class=\"c-ip-heading__inner\">Le Programme National pour l\u2019Agriculture Biologique (National Organic Program, ou NOP) est le cadre r\u00e9glementaire f\u00e9d\u00e9ral aux \u00c9tats-Unis qui r\u00e9git les aliments biologiques. Il d\u00e9signe \u00e9galement le programme de l\u2019Agence de Commercialisation Agricole (Agricultural Marketing Service, AMS) du D\u00e9partement de l\u2019Agriculture des \u00c9tats-Unis (USDA) charg\u00e9 de mettre en \u0153uvre et de faire respecter ce cadre r\u00e9glementaire. La mission essentielle du NOP est de prot\u00e9ger l\u2019int\u00e9grit\u00e9 du label biologique USDA. Ce label est utilis\u00e9 pour les produits conformes aux normes biologiques \u00e9tablies par le USDA.<\/span><\/div>\t\t\t\t<\/div>\n\t\t\t\t<\/div>\n\t\t\t\t\t<\/div>\n\t\t<\/div>\n\t\t\t\t<div class=\"elementor-column elementor-col-50 elementor-top-column elementor-element elementor-element-1f40a53\" data-id=\"1f40a53\" data-element_type=\"column\" data-e-type=\"column\" data-settings=\"{&quot;background_background&quot;:&quot;classic&quot;}\">\n\t\t\t<div class=\"elementor-widget-wrap elementor-element-populated\">\n\t\t\t\t\t\t<div class=\"elementor-element elementor-element-4764ea2 elementor-widget elementor-widget-spacer\" data-id=\"4764ea2\" data-element_type=\"widget\" data-e-type=\"widget\" data-widget_type=\"spacer.default\">\n\t\t\t\t\t\t\t<div class=\"elementor-spacer\">\n\t\t\t<div class=\"elementor-spacer-inner\"><\/div>\n\t\t<\/div>\n\t\t\t\t\t\t<\/div>\n\t\t\t\t\t<\/div>\n\t\t<\/div>\n\t\t\t\t\t<\/div>\n\t\t<\/section>\n\t\t\t\t<section class=\"elementor-section elementor-top-section elementor-element elementor-element-dc5ba67 elementor-section-full_width elementor-section-height-default elementor-section-height-default\" data-id=\"dc5ba67\" data-element_type=\"section\" data-e-type=\"section\">\n\t\t\t\t\t\t<div class=\"elementor-container elementor-column-gap-no\">\n\t\t\t\t\t<div class=\"elementor-column elementor-col-50 elementor-top-column elementor-element elementor-element-d0b4386\" data-id=\"d0b4386\" data-element_type=\"column\" data-e-type=\"column\" data-settings=\"{&quot;background_background&quot;:&quot;classic&quot;}\">\n\t\t\t<div class=\"elementor-widget-wrap elementor-element-populated\">\n\t\t\t\t\t\t<div class=\"elementor-element elementor-element-9250073 elementor-widget elementor-widget-spacer\" data-id=\"9250073\" data-element_type=\"widget\" data-e-type=\"widget\" data-widget_type=\"spacer.default\">\n\t\t\t\t\t\t\t<div class=\"elementor-spacer\">\n\t\t\t<div class=\"elementor-spacer-inner\"><\/div>\n\t\t<\/div>\n\t\t\t\t\t\t<\/div>\n\t\t\t\t\t<\/div>\n\t\t<\/div>\n\t\t\t\t<div class=\"elementor-column elementor-col-50 elementor-top-column elementor-element elementor-element-6b2f3e5\" data-id=\"6b2f3e5\" data-element_type=\"column\" data-e-type=\"column\" data-settings=\"{&quot;background_background&quot;:&quot;classic&quot;}\">\n\t\t\t<div class=\"elementor-widget-wrap elementor-element-populated\">\n\t\t\t\t\t\t<div class=\"elementor-element elementor-element-10ccafd elementor-widget elementor-widget-ideapark-heading\" data-id=\"10ccafd\" data-element_type=\"widget\" data-e-type=\"widget\" data-widget_type=\"ideapark-heading.default\">\n\t\t\t\t<div class=\"elementor-widget-container\">\n\t\t\t\t\t<div class=\"c-ip-heading c-ip-heading--small c-ip-heading--center c-ip-heading--bullet-after\"><span class=\"c-ip-heading__inner\">ECOCERT<br \/>\n<\/span><\/div>\t\t\t\t<\/div>\n\t\t\t\t<\/div>\n\t\t\t\t<div class=\"elementor-element elementor-element-de822ab elementor-widget elementor-widget-image\" data-id=\"de822ab\" data-element_type=\"widget\" data-e-type=\"widget\" data-widget_type=\"image.default\">\n\t\t\t\t\t\t\t\t\t\t\t\t\t\t\t<img decoding=\"async\" width=\"600\" height=\"415\" src=\"https:\/\/beauty-pride.com\/wp-content\/uploads\/2025\/08\/ecocert-600x415-1.png\" class=\"attachment-large size-large wp-image-3695\" alt=\"\" srcset=\"https:\/\/beauty-pride.com\/wp-content\/uploads\/2025\/08\/ecocert-600x415-1.png 600w, https:\/\/beauty-pride.com\/wp-content\/uploads\/2025\/08\/ecocert-600x415-1-460x318.png 460w, https:\/\/beauty-pride.com\/wp-content\/uploads\/2025\/08\/ecocert-600x415-1-210x145.png 210w, https:\/\/beauty-pride.com\/wp-content\/uploads\/2025\/08\/ecocert-600x415-1-419x290.png 419w\" sizes=\"(max-width: 600px) 100vw, 600px\" \/>\t\t\t\t\t\t\t\t\t\t\t\t\t\t\t<\/div>\n\t\t\t\t<div class=\"elementor-element elementor-element-15c55a7 elementor-widget elementor-widget-ideapark-heading\" data-id=\"15c55a7\" data-element_type=\"widget\" data-e-type=\"widget\" data-widget_type=\"ideapark-heading.default\">\n\t\t\t\t<div class=\"elementor-widget-container\">\n\t\t\t\t\t<div class=\"c-ip-heading c-ip-heading--default c-ip-heading--justify c-ip-heading--bullet-hide c-ip-heading--block-align-center\"><span class=\"c-ip-heading__inner\">ECOCERT est un organisme de certification biologique fond\u00e9 en France en 1991. Bas\u00e9 en Europe, il effectue des inspections dans plus de 80 pays, ce qui en fait l\u2019un des plus grands organismes de ce type au monde. ECOCERT certifie principalement les aliments et produits alimentaires, mais intervient \u00e9galement dans la certification des cosm\u00e9tiques, d\u00e9tergents, parfums et textiles. L\u2019organisme inspecte environ 70 % du secteur de l\u2019alimentation biologique en France et pr\u00e8s de 30 % \u00e0 l\u2019\u00e9chelle mondiale. ECOCERT est \u00e9galement un acteur majeur de la certification du commerce \u00e9quitable pour les aliments, cosm\u00e9tiques et textiles, conform\u00e9ment \u00e0 ses propres normes ECOCERT Commerce \u00c9quitable.<br \/>\n<br \/>\n<\/span><\/div>\t\t\t\t<\/div>\n\t\t\t\t<\/div>\n\t\t\t\t\t<\/div>\n\t\t<\/div>\n\t\t\t\t\t<\/div>\n\t\t<\/section>\n\t\t\t\t<section class=\"elementor-section elementor-top-section elementor-element elementor-element-0228c06 elementor-section-full_width elementor-reverse-mobile elementor-section-height-default elementor-section-height-default\" data-id=\"0228c06\" data-element_type=\"section\" data-e-type=\"section\">\n\t\t\t\t\t\t<div class=\"elementor-container elementor-column-gap-no\">\n\t\t\t\t\t<div class=\"elementor-column elementor-col-50 elementor-top-column elementor-element elementor-element-1be5ca2\" data-id=\"1be5ca2\" data-element_type=\"column\" data-e-type=\"column\" data-settings=\"{&quot;background_background&quot;:&quot;classic&quot;}\">\n\t\t\t<div class=\"elementor-widget-wrap elementor-element-populated\">\n\t\t\t\t\t\t<div class=\"elementor-element elementor-element-29c3a26 elementor-widget elementor-widget-ideapark-heading\" data-id=\"29c3a26\" data-element_type=\"widget\" data-e-type=\"widget\" data-widget_type=\"ideapark-heading.default\">\n\t\t\t\t<div class=\"elementor-widget-container\">\n\t\t\t\t\t<div class=\"c-ip-heading c-ip-heading--small c-ip-heading--center c-ip-heading--bullet-after\"><span class=\"c-ip-heading__inner\">MOROCCO FOODEX<br \/>\n<\/span><\/div>\t\t\t\t<\/div>\n\t\t\t\t<\/div>\n\t\t\t\t<div class=\"elementor-element elementor-element-8231fb6 elementor-widget elementor-widget-image\" data-id=\"8231fb6\" data-element_type=\"widget\" data-e-type=\"widget\" data-widget_type=\"image.default\">\n\t\t\t\t\t\t\t\t\t\t\t\t\t\t\t<img decoding=\"async\" width=\"1024\" height=\"304\" src=\"https:\/\/beauty-pride.com\/wp-content\/uploads\/2025\/08\/MOROCCO-FOODEX.png\" class=\"attachment-large size-large wp-image-3696\" alt=\"\" srcset=\"https:\/\/beauty-pride.com\/wp-content\/uploads\/2025\/08\/MOROCCO-FOODEX.png 1024w, https:\/\/beauty-pride.com\/wp-content\/uploads\/2025\/08\/MOROCCO-FOODEX-460x137.png 460w, https:\/\/beauty-pride.com\/wp-content\/uploads\/2025\/08\/MOROCCO-FOODEX-760x226.png 760w, https:\/\/beauty-pride.com\/wp-content\/uploads\/2025\/08\/MOROCCO-FOODEX-920x273.png 920w, https:\/\/beauty-pride.com\/wp-content\/uploads\/2025\/08\/MOROCCO-FOODEX-488x145.png 488w, https:\/\/beauty-pride.com\/wp-content\/uploads\/2025\/08\/MOROCCO-FOODEX-977x290.png 977w\" sizes=\"(max-width: 1024px) 100vw, 1024px\" \/>\t\t\t\t\t\t\t\t\t\t\t\t\t\t\t<\/div>\n\t\t\t\t<div class=\"elementor-element elementor-element-398a2b2 elementor-widget elementor-widget-ideapark-heading\" data-id=\"398a2b2\" data-element_type=\"widget\" data-e-type=\"widget\" data-widget_type=\"ideapark-heading.default\">\n\t\t\t\t<div class=\"elementor-widget-container\">\n\t\t\t\t\t<div class=\"c-ip-heading c-ip-heading--default c-ip-heading--justify c-ip-heading--bullet-hide c-ip-heading--block-align-center\"><span class=\"c-ip-heading__inner\">MOROCCO FOODEX, l\u2019Organisme de Contr\u00f4le et de Coordination des Exportations Alimentaires, est une structure publique rattach\u00e9e au Minist\u00e8re de l\u2019Agriculture, de la P\u00eache Maritime, du D\u00e9veloppement Rural, de l\u2019Eau et des For\u00eats. Cr\u00e9\u00e9e en 1986, elle est depuis lors enti\u00e8rement d\u00e9di\u00e9e au service du secteur agroalimentaire et des produits de la mer, l\u2019un des leviers cl\u00e9s de la croissance \u00e9conomique du pays.<br \/>\n<br \/>\n<\/span><\/div>\t\t\t\t<\/div>\n\t\t\t\t<\/div>\n\t\t\t\t\t<\/div>\n\t\t<\/div>\n\t\t\t\t<div class=\"elementor-column elementor-col-50 elementor-top-column elementor-element elementor-element-cb5f40e\" data-id=\"cb5f40e\" data-element_type=\"column\" data-e-type=\"column\" data-settings=\"{&quot;background_background&quot;:&quot;classic&quot;}\">\n\t\t\t<div class=\"elementor-widget-wrap elementor-element-populated\">\n\t\t\t\t\t\t<div class=\"elementor-element elementor-element-5b6e375 elementor-widget elementor-widget-spacer\" data-id=\"5b6e375\" data-element_type=\"widget\" data-e-type=\"widget\" data-widget_type=\"spacer.default\">\n\t\t\t\t\t\t\t<div class=\"elementor-spacer\">\n\t\t\t<div class=\"elementor-spacer-inner\"><\/div>\n\t\t<\/div>\n\t\t\t\t\t\t<\/div>\n\t\t\t\t\t<\/div>\n\t\t<\/div>\n\t\t\t\t\t<\/div>\n\t\t<\/section>\n\t\t\t\t<section class=\"elementor-section elementor-top-section elementor-element elementor-element-5892df9 elementor-section-full_width elementor-section-height-default elementor-section-height-default\" data-id=\"5892df9\" data-element_type=\"section\" data-e-type=\"section\">\n\t\t\t\t\t\t<div class=\"elementor-container elementor-column-gap-no\">\n\t\t\t\t\t<div class=\"elementor-column elementor-col-50 elementor-top-column elementor-element elementor-element-e4cdbbf\" data-id=\"e4cdbbf\" data-element_type=\"column\" data-e-type=\"column\" data-settings=\"{&quot;background_background&quot;:&quot;classic&quot;}\">\n\t\t\t<div class=\"elementor-widget-wrap elementor-element-populated\">\n\t\t\t\t\t\t<div class=\"elementor-element elementor-element-0adc3f6 elementor-widget elementor-widget-spacer\" data-id=\"0adc3f6\" data-element_type=\"widget\" data-e-type=\"widget\" data-widget_type=\"spacer.default\">\n\t\t\t\t\t\t\t<div class=\"elementor-spacer\">\n\t\t\t<div class=\"elementor-spacer-inner\"><\/div>\n\t\t<\/div>\n\t\t\t\t\t\t<\/div>\n\t\t\t\t\t<\/div>\n\t\t<\/div>\n\t\t\t\t<div class=\"elementor-column elementor-col-50 elementor-top-column elementor-element elementor-element-ccd61a4\" data-id=\"ccd61a4\" data-element_type=\"column\" data-e-type=\"column\" data-settings=\"{&quot;background_background&quot;:&quot;classic&quot;}\">\n\t\t\t<div class=\"elementor-widget-wrap elementor-element-populated\">\n\t\t\t\t\t\t<div class=\"elementor-element elementor-element-d8cf2e3 elementor-widget elementor-widget-ideapark-heading\" data-id=\"d8cf2e3\" data-element_type=\"widget\" data-e-type=\"widget\" data-widget_type=\"ideapark-heading.default\">\n\t\t\t\t<div class=\"elementor-widget-container\">\n\t\t\t\t\t<div class=\"c-ip-heading c-ip-heading--small c-ip-heading--center c-ip-heading--bullet-after\"><span class=\"c-ip-heading__inner\">ONSSA<\/span><\/div>\t\t\t\t<\/div>\n\t\t\t\t<\/div>\n\t\t\t\t<div class=\"elementor-element elementor-element-792c4ad elementor-widget elementor-widget-image\" data-id=\"792c4ad\" data-element_type=\"widget\" data-e-type=\"widget\" data-widget_type=\"image.default\">\n\t\t\t\t\t\t\t\t\t\t\t\t\t\t\t<img loading=\"lazy\" decoding=\"async\" width=\"300\" height=\"127\" src=\"https:\/\/beauty-pride.com\/wp-content\/uploads\/2025\/08\/onssa.png\" class=\"attachment-large size-large wp-image-3697\" alt=\"\" \/>\t\t\t\t\t\t\t\t\t\t\t\t\t\t\t<\/div>\n\t\t\t\t<div class=\"elementor-element elementor-element-5393a3e elementor-widget elementor-widget-ideapark-heading\" data-id=\"5393a3e\" data-element_type=\"widget\" data-e-type=\"widget\" data-widget_type=\"ideapark-heading.default\">\n\t\t\t\t<div class=\"elementor-widget-container\">\n\t\t\t\t\t<div class=\"c-ip-heading c-ip-heading--default c-ip-heading--justify c-ip-heading--bullet-hide c-ip-heading--block-align-center\"><span class=\"c-ip-heading__inner\">L\u2019Office National de S\u00e9curit\u00e9 Sanitaire des Produits Alimentaires (ONSSA) est un \u00e9tablissement public dot\u00e9 de la personnalit\u00e9 juridique et de l\u2019autonomie financi\u00e8re, cr\u00e9\u00e9 par la loi n\u00b0 25-08 du 18 f\u00e9vrier 2009 et plac\u00e9 sous la tutelle de l\u2019\u00c9tat. L\u2019ONSSA exerce, au nom de l\u2019\u00c9tat, les missions et attributions li\u00e9es \u00e0 la protection de la sant\u00e9 des consommateurs ainsi qu\u2019\u00e0 la pr\u00e9servation de la sant\u00e9 animale et v\u00e9g\u00e9tale.\n\nLes principales missions de l\u2019ONSSA sont les suivantes :\n\n- Surveillance et protection du patrimoine animal et v\u00e9g\u00e9tal du pays, tant au niveau national que frontalier ;  \n- S\u00e9curit\u00e9 sanitaire des aliments, depuis les produits primaires jusqu\u2019au consommateur final, y compris les produits de la p\u00eache et les aliments pour animaux ;  \n- Homologation et inspection des intrants agricoles (semences, pesticides, engrais) ainsi que d\u00e9livrance des autorisations pour les m\u00e9dicaments v\u00e9t\u00e9rinaires ;  \n- Mise en \u0153uvre des textes l\u00e9gislatifs et r\u00e9glementaires relatifs \u00e0 la police sanitaire v\u00e9t\u00e9rinaire et phytosanitaire ;  \n- \u00c9valuation des risques sanitaires.<br \/>\n<br \/>\n<\/span><\/div>\t\t\t\t<\/div>\n\t\t\t\t<\/div>\n\t\t\t\t\t<\/div>\n\t\t<\/div>\n\t\t\t\t\t<\/div>\n\t\t<\/section>\n\t\t\t\t<\/div>","protected":false},"excerpt":{"rendered":"<p>Certificates USDA The National Organic Program (NOP) is the federal regulatory framework in the United States of America governing organic food .&hellip;<\/p>","protected":false},"author":1,"featured_media":0,"parent":0,"menu_order":0,"comment_status":"closed","ping_status":"closed","template":"elementor_header_footer","meta":{"footnotes":""},"class_list":["post-3530","page","type-page","status-publish","hentry"],"_links":{"self":[{"href":"https:\/\/beauty-pride.com\/fr\/wp-json\/wp\/v2\/pages\/3530","targetHints":{"allow":["GET"]}}],"collection":[{"href":"https:\/\/beauty-pride.com\/fr\/wp-json\/wp\/v2\/pages"}],"about":[{"href":"https:\/\/beauty-pride.com\/fr\/wp-json\/wp\/v2\/types\/page"}],"author":[{"embeddable":true,"href":"https:\/\/beauty-pride.com\/fr\/wp-json\/wp\/v2\/users\/1"}],"replies":[{"embeddable":true,"href":"https:\/\/beauty-pride.com\/fr\/wp-json\/wp\/v2\/comments?post=3530"}],"version-history":[{"count":19,"href":"https:\/\/beauty-pride.com\/fr\/wp-json\/wp\/v2\/pages\/3530\/revisions"}],"predecessor-version":[{"id":3729,"href":"https:\/\/beauty-pride.com\/fr\/wp-json\/wp\/v2\/pages\/3530\/revisions\/3729"}],"wp:attachment":[{"href":"https:\/\/beauty-pride.com\/fr\/wp-json\/wp\/v2\/media?parent=3530"}],"curies":[{"name":"wp","href":"https:\/\/api.w.org\/{rel}","templated":true}]}}